{"id":1055,"date":"2024-05-04T15:33:25","date_gmt":"2024-05-04T13:33:25","guid":{"rendered":"http:\/\/demo.casethemes.net\/multio-industrial\/?page_id=1055"},"modified":"2025-02-02T18:26:25","modified_gmt":"2025-02-02T17:26:25","slug":"mot-directeur","status":"publish","type":"page","link":"https:\/\/www.climagaine.tn\/index.php\/mot-directeur\/","title":{"rendered":"Mot du Directeur"},"content":{"rendered":"<div class=\"wpb-content-wrapper\"><p>[vc_row][vc_column css=&#8221;.vc_custom_1556993425436{padding-top: 105px !important;padding-bottom: 100px !important;}&#8221;][vc_row_inner][vc_column_inner width=&#8221;1\/4&#8243;][\/vc_column_inner][vc_column_inner width=&#8221;1\/2&#8243; ct_column_inner_class=&#8221;rm-padding-lg&#8221; css=&#8221;.vc_custom_1545964623807{padding-top: 0px !important;padding-right: 30px !important;padding-bottom: 0px !important;padding-left: 30px !important;}&#8221;][ct_heading text=&#8221;Notre professionnalisme \u00e0 votre <cite>service<\/cite>&#8221; align_lg=&#8221;align-center&#8221; align_md=&#8221;align-center-md&#8221; align_sm=&#8221;align-center-sm&#8221; align_xs=&#8221;align-center-xs&#8221; font_size_sm=&#8221;24&#8243; font_size_xs=&#8221;24&#8243; font_weight=&#8221;&#8221; subtitle=&#8221;Notre Engagement&#8221; description_font_weight=&#8221;inherit&#8221; margin_bottom=&#8221;0&#8243;][\/vc_column_inner][vc_column_inner width=&#8221;1\/4&#8243;][\/vc_column_inner][\/vc_row_inner][\/vc_column][\/vc_row][vc_row css=&#8221;.vc_custom_1551349384779{padding-bottom: 95px !important;}&#8221;][vc_column width=&#8221;1\/3&#8243; offset=&#8221;vc_col-lg-3 vc_col-md-3&#8243;][ct_team_member image=&#8221;2427&#8243; img_size=&#8221;large&#8221; social=&#8221;%5B%7B%7D%5D&#8221; title=&#8221;ABDELKADER Mansar&#8221; position=&#8221;Fondateur&#8221; el_class=&#8221;single-team&#8221;][ct_space space_lg=&#8221;0&#8243; space_md=&#8221;0&#8243; space_sm=&#8221;0&#8243; space_xs=&#8221;42&#8243;][\/vc_column][vc_column width=&#8221;2\/3&#8243; offset=&#8221;vc_col-lg-9 vc_col-md-9&#8243;][vc_column_text css=&#8221;.vc_custom_1738517179908{margin-bottom: 48px !important;}&#8221;]<strong>Fond\u00e9e en 1985 par ABDELKADER MANSAR, l\u2019entreprise ClimaGaine est une soci\u00e9t\u00e9 sp\u00e9cialis\u00e9e dans l\u2019installation des syst\u00e8mes de ventilation, de fabrication de gaines de ventilation industrielles.<\/strong><\/p>\n<p><strong>40 ans et des satisfactions<\/strong><\/p>\n<p>ClimaGaine cumule les avantages pour ses clients. Elle fournit et installe des syst\u00e8mes de ventilation et de climatisation, elle proc\u00e8de aux \u00e9tudes pr\u00e9alables si n\u00e9cessaires et surtout, elle dispose d\u2019un \u201d savoir-faire \u201d dans la fabrication de canaux de ventilation. En effet, son atelier lui permet de fabriquer toutes sortes de canaux quadratiques sur mesure. Gr\u00e2ce \u00e0 cette souplesse, elle peut satisfaire une large client\u00e8le compos\u00e9e de priv\u00e9s, de copropri\u00e9t\u00e9s d\u2019immeubles, de commerces et d\u2019industries.<\/p>\n<figure id=\"attachment_2446\" aria-describedby=\"caption-attachment-2446\" style=\"width: 300px\" class=\"wp-caption aligncenter\"><img data-recalc-dims=\"1\" loading=\"lazy\" decoding=\"async\" class=\"size-medium wp-image-2446\" src=\"https:\/\/i0.wp.com\/www.climagaine.tn\/wp-content\/uploads\/2025\/02\/logo-CLIMAGAINE.png?resize=300%2C300\" alt=\"\" width=\"300\" height=\"300\" srcset=\"https:\/\/i0.wp.com\/www.climagaine.tn\/wp-content\/uploads\/2025\/02\/logo-CLIMAGAINE.png?resize=300%2C300&amp;ssl=1 300w, https:\/\/i0.wp.com\/www.climagaine.tn\/wp-content\/uploads\/2025\/02\/logo-CLIMAGAINE.png?resize=150%2C150&amp;ssl=1 150w, https:\/\/i0.wp.com\/www.climagaine.tn\/wp-content\/uploads\/2025\/02\/logo-CLIMAGAINE.png?w=425&amp;ssl=1 425w\" sizes=\"auto, (max-width: 300px) 100vw, 300px\" \/><figcaption id=\"caption-attachment-2446\" class=\"wp-caption-text\">logo CLIMAGAINE<\/figcaption><\/figure>\n<p>Les liens qui nous unissent avec les entreprises partenaires, apportent une mise en commun de sp\u00e9cialistes. Cette multiplication des comp\u00e9tences s\u2019affirme ainsi comme source d\u2019\u00e9conomie de co\u00fbts pour les clients.[\/vc_column_text][vc_row_inner content_placement=&#8221;middle&#8221;][vc_column_inner width=&#8221;2\/3&#8243;][ct_contact_info content_type=&#8221;tel&#8221; icon_fontawesome=&#8221;fas fa-phone-volume&#8221; content_info=&#8221;(+216) 26 455 926&#8243; el_class=&#8221;contact-info-group&#8221;][ct_contact_info content_type=&#8221;email&#8221; icon_fontawesome=&#8221;fa fa-envelope&#8221; content_info=&#8221;climagaine@yahoo.fr \/ contact@climagaine.tn&#8221; el_class=&#8221;contact-info-group&#8221;][\/vc_column_inner][vc_column_inner el_class=&#8221;text-left-sm text-right&#8221; width=&#8221;1\/3&#8243;][ct_space space_lg=&#8221;0&#8243; space_md=&#8221;0&#8243; space_sm=&#8221;0&#8243; space_xs=&#8221;12&#8243;][ct_icon icon=&#8221;%5B%7B%22icon%22%3A%22fa%20fa-facebook%22%2C%22icon_link%22%3A%22%23%22%7D%2C%7B%22icon%22%3A%22fa%20fa-twitter%22%2C%22icon_link%22%3A%22%23%22%7D%2C%7B%22icon%22%3A%22fa%20fa-linkedin%22%2C%22icon_link%22%3A%22%23%22%7D%5D&#8221;][\/vc_column_inner][\/vc_row_inner][\/vc_column][\/vc_row][vc_row][vc_column][vc_video link=&#8221;https:\/\/youtu.be\/51QnbtYgViA&#8221; el_width=&#8221;80&#8243; el_aspect=&#8221;235&#8243; align=&#8221;center&#8221; css_animation=&#8221;zoomInRight&#8221; css=&#8221;&#8221;][\/vc_column][\/vc_row]<\/p>\n<\/div>","protected":false},"excerpt":{"rendered":"<p>[vc_row][vc_column css=&#8221;.vc_custom_1556993425436{padding-top: 105px !important;padding-bottom: 100px !important;}&#8221;][vc_row_inner][vc_column_inner width=&#8221;1\/4&#8243;][\/vc_column_inner][vc_column_inner width=&#8221;1\/2&#8243; ct_column_inner_class=&#8221;rm-padding-lg&#8221; css=&#8221;.vc_custom_1545964623807{padding-top: 0px !important;padding-right: 30px !important;padding-bottom: 0px !important;padding-left: 30px !important;}&#8221;][ct_heading text=&#8221;Notre professionnalisme \u00e0 votre service&#8221; align_lg=&#8221;align-center&#8221; align_md=&#8221;align-center-md&#8221; align_sm=&#8221;align-center-sm&#8221; align_xs=&#8221;align-center-xs&#8221; font_size_sm=&#8221;24&#8243; font_size_xs=&#8221;24&#8243; font_weight=&#8221;&#8221; subtitle=&#8221;Notre Engagement&#8221; description_font_weight=&#8221;inherit&#8221; margin_bottom=&#8221;0&#8243;][\/vc_column_inner][vc_column_inner width=&#8221;1\/4&#8243;][\/vc_column_inner][\/vc_row_inner][\/vc_column][\/vc_row][vc_row css=&#8221;.vc_custom_1551349384779{padding-bottom: 95px !important;}&#8221;][vc_column width=&#8221;1\/3&#8243; offset=&#8221;vc_col-lg-3 vc_col-md-3&#8243;][ct_team_member image=&#8221;2427&#8243; img_size=&#8221;large&#8221; social=&#8221;%5B%7B%7D%5D&#8221; title=&#8221;ABDELKADER Mansar&#8221; position=&#8221;Fondateur&#8221; el_class=&#8221;single-team&#8221;][ct_space space_lg=&#8221;0&#8243; space_md=&#8221;0&#8243; space_sm=&#8221;0&#8243; space_xs=&#8221;42&#8243;][\/vc_column][vc_column width=&#8221;2\/3&#8243; offset=&#8221;vc_col-lg-9 vc_col-md-9&#8243;][vc_column_text&#8230;<\/p>\n","protected":false},"author":1,"featured_media":0,"parent":0,"menu_order":0,"comment_status":"closed","ping_status":"closed","template":"","meta":{"footnotes":""},"class_list":["post-1055","page","type-page","status-publish","hentry"],"jetpack_sharing_enabled":true,"_links":{"self":[{"href":"https:\/\/www.climagaine.tn\/index.php\/wp-json\/wp\/v2\/pages\/1055","targetHints":{"allow":["GET"]}}],"collection":[{"href":"https:\/\/www.climagaine.tn\/index.php\/wp-json\/wp\/v2\/pages"}],"about":[{"href":"https:\/\/www.climagaine.tn\/index.php\/wp-json\/wp\/v2\/types\/page"}],"author":[{"embeddable":true,"href":"https:\/\/www.climagaine.tn\/index.php\/wp-json\/wp\/v2\/users\/1"}],"replies":[{"embeddable":true,"href":"https:\/\/www.climagaine.tn\/index.php\/wp-json\/wp\/v2\/comments?post=1055"}],"version-history":[{"count":6,"href":"https:\/\/www.climagaine.tn\/index.php\/wp-json\/wp\/v2\/pages\/1055\/revisions"}],"predecessor-version":[{"id":2448,"href":"https:\/\/www.climagaine.tn\/index.php\/wp-json\/wp\/v2\/pages\/1055\/revisions\/2448"}],"wp:attachment":[{"href":"https:\/\/www.climagaine.tn\/index.php\/wp-json\/wp\/v2\/media?parent=1055"}],"curies":[{"name":"wp","href":"https:\/\/api.w.org\/{rel}","templated":true}]}}