{"id":1316,"date":"2019-06-16T05:40:55","date_gmt":"2019-06-16T05:40:55","guid":{"rendered":"http:\/\/demo.casethemes.net\/multio-industrial\/?page_id=1315"},"modified":"2026-03-27T16:13:32","modified_gmt":"2026-03-27T15:13:32","slug":"about-us","status":"publish","type":"page","link":"https:\/\/www.climagaine.tn\/index.php\/about-us\/","title":{"rendered":"Qui Sommes Nous ?"},"content":{"rendered":"<div class=\"wpb-content-wrapper\"><p>[vc_row full_width=&#8221;stretch_row&#8221; css=&#8221;.vc_custom_1560675520931{padding-top: 111px !important;padding-bottom: 107px !important;}&#8221; el_id=&#8221;about&#8221;][vc_column width=&#8221;1\/2&#8243; css=&#8221;.vc_custom_1556273668036{padding-top: 0px !important;}&#8221;][ct_heading text=&#8221;Le 1er Fabricant au rang<\/p>\n<p><cite>National Tunisien et Leader en Afrique<\/cite>&#8221; font_size_sm=&#8221;24&#8243; font_size_xs=&#8221;24&#8243; font_weight=&#8221;&#8221; subtitle=&#8221;TOUJOURS \u00c0 VOTRE SERVICE&#8221; description_font_weight=&#8221;inherit&#8221; margin_bottom=&#8221;0&#8243;][vc_column_text css=&#8221;.vc_custom_1738676224849{margin-top: 25px !important;margin-bottom: 40px !important;}&#8221; el_class=&#8221;text-block&#8221;]<\/p>\n<p class=\"text-align-justify\">Exigence, savoir-faire, innovation, et investissements humains et mat\u00e9riels sont au coeur de ses pr\u00e9occupations depuis 1985 pour d\u00e9velopper des produits toujours plus performants r\u00e9pondant aux besoins et aux exigences des march\u00e9s. ClimaGaine est port\u00e9e par ses 100 collaborateurs \u0153uvrant chaque jour avec passion pour la satisfaction de ses clients.<\/p>\n<p>En veille permanente des besoins et de l&#8217;\u00e9volution du march\u00e9, nous vous proposerons toujours un produit adapt\u00e9 \u00e0 votre projet et r\u00e9pondant aux contraintes les plus exigeantes.<\/p>\n<p>Aujourd&#8217;hui, les activit\u00e9s de ClimaGaine se r\u00e9partissent en 3 Business Units au service de sa client\u00e8le :[\/vc_column_text][vc_row_inner][vc_column_inner ct_column_inner_class=&#8221;rm-padding-md&#8221; offset=&#8221;vc_col-lg-6 vc_col-md-6&#8243; css=&#8221;.vc_custom_1547049514691{padding-right: 0px !important;}&#8221;][vc_column_text css=&#8221;.vc_custom_1738485444646{margin-bottom: 33px !important;}&#8221;]<\/p>\n<ul class=\"list-arrow\">\n<li>Gaines de ventilations et tout types d&#8217;accessoires.<\/li>\n<li>Etude &amp; Conception.<\/li>\n<\/ul>\n<p>[\/vc_column_text][\/vc_column_inner][vc_column_inner ct_column_inner_class=&#8221;rm-padding-md&#8221; offset=&#8221;vc_col-lg-6 vc_col-md-6&#8243; css=&#8221;.vc_custom_1547049521680{padding-right: 0px !important;}&#8221;][vc_column_text css=&#8221;.vc_custom_1738517576678{margin-bottom: 33px !important;}&#8221;]<\/p>\n<ul class=\"list-arrow\">\n<li>Recherche &amp; d\u00e9veloppement.<\/li>\n<\/ul>\n<p>[\/vc_column_text][\/vc_column_inner][\/vc_row_inner][vc_raw_html css=&#8221;.vc_custom_1733140493288{margin-bottom: 31px !important;}&#8221;]JTNDZGl2JTIwY2xhc3MlM0QlMjJjYWxsLXVzJTIyJTNFJTBBJTA5Q29udGFjdGV6JTIwbm91cyUyMCUzQ2ElMjBocmVmJTNEJTIyJTIzJTIyJTNFcG91ciUyMHBsdXMlMjBkZSUyMGQlQzMlQTl0YWlscyUzQyUyRmElM0UlMjAlM0NzcGFuJTIwY2xhc3MlM0QlMjJjYWxsLW51bWJlciUyMiUzRSUyOCUyQjIxNiUyOSUyMDczJTIwNDIyJTIwMDA1JTIwJTNDc3BhbiUzRW91JTIwbGUlM0MlMkZzcGFuJTNFJTIwMjYlMjA0NTUlMjA5MjYlM0MlMkZzcGFuJTNFJTBBJTNDJTJGZGl2JTNF[\/vc_raw_html][ct_signature signature_image=&#8221;1556&#8243; title=&#8221;Salah Mansar&#8221; position=&#8221;( CEO )&#8221;][\/vc_column][vc_column width=&#8221;1\/2&#8243; ct_column_class=&#8221;rm-padding-lg&#8221; css=&#8221;.vc_custom_1556273894464{padding-top: 65px !important;padding-right: 30px !important;padding-left: 50px !important;}&#8221;][vc_row_inner][vc_column_inner ct_column_inner_class=&#8221;rm-padding-md&#8221; css=&#8221;.vc_custom_1556273819248{padding-top: 0px !important;}&#8221; animation_column=&#8221;fadeInRight&#8221;][ct_video_player video_link=&#8221;url:https%3A%2F%2Fwww.youtube.com%2Fwatch%3Fv%3DdXiKOSkn3jY&#8221; video_intro=&#8221;2154&#8243; btn_styles=&#8221;style2&#8243; intro_size=&#8221;620&#215;520&#8243; animation=&#8221;bounceInLeft&#8221;][\/vc_column_inner][\/vc_row_inner][vc_row_inner][vc_column_inner css=&#8221;.vc_custom_1547132842737{padding-top: 56px !important;}&#8221; offset=&#8221;vc_col-lg-4 vc_col-md-4&#8243;][ct_counter title=&#8221;Clients satisfaits&#8221; digit=&#8221;1235&#8243; prefix=&#8221;+&#8221;][\/vc_column_inner][vc_column_inner css=&#8221;.vc_custom_1547132858148{padding-top: 56px !important;}&#8221; offset=&#8221;vc_col-lg-4 vc_col-md-4&#8243;][ct_counter title=&#8221;Projets Finis&#8221; digit=&#8221;1402&#8243; suffix=&#8221;+&#8221;][\/vc_column_inner][vc_column_inner css=&#8221;.vc_custom_1547132867871{padding-top: 56px !important;}&#8221; offset=&#8221;vc_col-lg-4 vc_col-md-4&#8243;][ct_counter title=&#8221;m de gaines install\u00e9es&#8221; digit=&#8221;100500&#8243; prefix=&#8221;+&#8221;][\/vc_column_inner][\/vc_row_inner][\/vc_column][\/vc_row][vc_row full_width=&#8221;stretch_row_content_no_spaces&#8221; bg_image_position=&#8221;bg-image-ps-center&#8221; css=&#8221;.vc_custom_1558455671590{background: #012068 url(http:\/\/www.climagaine.tn\/wp-content\/uploads\/2019\/05\/bg-map.png?id=1282) !important;background-position: 0 0 !important;background-repeat: no-repeat !important;}&#8221; el_id=&#8221;testimonials&#8221;][vc_column ct_column_class=&#8221;rm-padding-md&#8221; css=&#8221;.vc_custom_1558455748252{padding-top: 115px !important;padding-bottom: 96px !important;}&#8221;][ct_heading text=&#8221;Quelques photos de <cite> ClimaGaine<\/cite>&#8221; align_lg=&#8221;align-center&#8221; align_md=&#8221;align-center-md&#8221; align_sm=&#8221;align-center-sm&#8221; align_xs=&#8221;align-center-xs&#8221; font_weight=&#8221;&#8221; text_color=&#8221;#ffffff&#8221; subtitle=&#8221;ClimaGaine&#8221; description_font_weight=&#8221;inherit&#8221; margin_bottom=&#8221;55&#8243;][vc_images_carousel images=&#8221;2153,2154,2155,2156,2157,2158,2159,2160,2161&#8243; img_size=&#8221;1700*1300&#8243; slides_per_view=&#8221;7&#8243; autoplay=&#8221;yes&#8221; hide_pagination_control=&#8221;yes&#8221; hide_prev_next_buttons=&#8221;yes&#8221; wrap=&#8221;yes&#8221; css_animation=&#8221;fadeInUp&#8221; css=&#8221;&#8221;][\/vc_column][\/vc_row][vc_row full_width=&#8221;stretch_row&#8221; parallax=&#8221;content-moving&#8221; css=&#8221;.vc_custom_1560675428554{padding-top: 115px !important;padding-bottom: 89px !important;background-color: #ececec !important;}&#8221; el_id=&#8221;team&#8221;][vc_column width=&#8221;1\/3&#8243; css=&#8221;.vc_custom_1556957344152{padding-top: 0px !important;}&#8221;][ct_heading text=&#8221;L&#8217;excellence <cite> industrielle<\/cite>&#8221; font_size_sm=&#8221;24&#8243; font_size_xs=&#8221;24&#8243; font_weight=&#8221;&#8221; text_color=&#8221;#012068&#8243; subtitle=&#8221;Depuis 40 ans&#8221; description=&#8221;Les \u00e9quipes commerciales et techniques de ClimaGaine \u0153uvrent avec passion pour mettre l\u2019innovation, le service et la flexibilit\u00e9 au service<br \/>\nde leurs clients.&#8221; description_color=&#8221;#333333&#8243; description_font_weight=&#8221;inherit&#8221; margin_bottom=&#8221;45&#8243;][vc_empty_space height=&#8221;44&#8243;][ct_button button_text=&#8221;Voir Catalogue&#8221; button_link=&#8221;url:http%3A%2F%2Fwww.climagaine.tn%2Findex.php%2Fbrochure%2F|title:Team%20Details&#8221; animation=&#8221;fadeInUp&#8221;][ct_space space_lg=&#8221;0&#8243; space_md=&#8221;0&#8243; space_sm=&#8221;0&#8243; space_xs=&#8221;60&#8243;][\/vc_column][vc_column width=&#8221;2\/3&#8243; css=&#8221;.vc_custom_1556957347519{padding-top: 0px !important;}&#8221;][vc_tta_accordion][vc_tta_section title=&#8221;Etude &#038; Conception&#8221; tab_id=&#8221;1733139622730-cf73d30f-2253&#8243;][vc_hoverbox image=&#8221;2145&#8243; primary_title=&#8221;&#8221; hover_title=&#8221;&#8221;]Nous collaborons \u00e9troitement avec vous pour identifier les solutions les plus \u00e9cologiquement responsables qui r\u00e9pondent \u00e0 vos besoins sp\u00e9cifiques. Nos ing\u00e9nieurs sont non seulement comp\u00e9tents dans le domaine des mat\u00e9riaux traditionnels et des processus, mais ils sont \u00e9galement form\u00e9s aux meilleures pratiques en mati\u00e8re d\u2019\u00e9co-conception.[\/vc_hoverbox][\/vc_tta_section][vc_tta_section title=&#8221;Fabrication sur mesure&#8221; tab_id=&#8221;1733139622731-418beb10-f6bc&#8221;][vc_hoverbox image=&#8221;2166&#8243; primary_title=&#8221;&#8221; hover_title=&#8221;&#8221;]ClimaGaine est \u00e9quip\u00e9 d\u2019un assortiment de machines, allant des \u00e9quipements traditionnels aux dispositifs hautement sp\u00e9cialis\u00e9s, pour r\u00e9pondre aux demandes techniques pointues de sa client\u00e8le.[\/vc_hoverbox][\/vc_tta_section][\/vc_tta_accordion][\/vc_column][\/vc_row]<\/p>\n<\/div>","protected":false},"excerpt":{"rendered":"<p>[vc_row full_width=&#8221;stretch_row&#8221; css=&#8221;.vc_custom_1560675520931{padding-top: 111px !important;padding-bottom: 107px !important;}&#8221; el_id=&#8221;about&#8221;][vc_column width=&#8221;1\/2&#8243; css=&#8221;.vc_custom_1556273668036{padding-top: 0px !important;}&#8221;][ct_heading text=&#8221;Le 1er Fabricant au rang National Tunisien et Leader en Afrique&#8221; font_size_sm=&#8221;24&#8243; font_size_xs=&#8221;24&#8243; font_weight=&#8221;&#8221; subtitle=&#8221;TOUJOURS \u00c0 VOTRE SERVICE&#8221; description_font_weight=&#8221;inherit&#8221; margin_bottom=&#8221;0&#8243;][vc_column_text css=&#8221;.vc_custom_1738676224849{margin-top: 25px !important;margin-bottom: 40px !important;}&#8221; el_class=&#8221;text-block&#8221;] Exigence, savoir-faire, innovation, et investissements humains et mat\u00e9riels sont au coeur de ses pr\u00e9occupations depuis 1985 pour&#8230;<\/p>\n","protected":false},"author":1,"featured_media":0,"parent":0,"menu_order":0,"comment_status":"closed","ping_status":"closed","template":"","meta":{"footnotes":""},"class_list":["post-1316","page","type-page","status-publish","hentry"],"jetpack_sharing_enabled":true,"_links":{"self":[{"href":"https:\/\/www.climagaine.tn\/index.php\/wp-json\/wp\/v2\/pages\/1316","targetHints":{"allow":["GET"]}}],"collection":[{"href":"https:\/\/www.climagaine.tn\/index.php\/wp-json\/wp\/v2\/pages"}],"about":[{"href":"https:\/\/www.climagaine.tn\/index.php\/wp-json\/wp\/v2\/types\/page"}],"author":[{"embeddable":true,"href":"https:\/\/www.climagaine.tn\/index.php\/wp-json\/wp\/v2\/users\/1"}],"replies":[{"embeddable":true,"href":"https:\/\/www.climagaine.tn\/index.php\/wp-json\/wp\/v2\/comments?post=1316"}],"version-history":[{"count":25,"href":"https:\/\/www.climagaine.tn\/index.php\/wp-json\/wp\/v2\/pages\/1316\/revisions"}],"predecessor-version":[{"id":2510,"href":"https:\/\/www.climagaine.tn\/index.php\/wp-json\/wp\/v2\/pages\/1316\/revisions\/2510"}],"wp:attachment":[{"href":"https:\/\/www.climagaine.tn\/index.php\/wp-json\/wp\/v2\/media?parent=1316"}],"curies":[{"name":"wp","href":"https:\/\/api.w.org\/{rel}","templated":true}]}}