{"id":1339,"date":"2024-06-16T05:47:28","date_gmt":"2024-06-16T03:47:28","guid":{"rendered":"http:\/\/demo.casethemes.net\/multio-industrial\/?page_id=1339"},"modified":"2024-12-09T10:53:09","modified_gmt":"2024-12-09T09:53:09","slug":"etude-conception","status":"publish","type":"page","link":"https:\/\/www.climagaine.tn\/index.php\/etude-conception\/","title":{"rendered":"Etude &#038; Conception"},"content":{"rendered":"<div class=\"wpb-content-wrapper\"><p>[vc_row el_id=&#8221;services&#8221;][vc_column css=&#8221;.vc_custom_1560254936797{padding-top: 110px !important;padding-bottom: 85px !important;}&#8221;][vc_row_inner content_placement=&#8221;middle&#8221; css=&#8221;.vc_custom_1558426183631{padding-bottom: 10px !important;}&#8221;][vc_column_inner width=&#8221;1\/2&#8243; css=&#8221;.vc_custom_1557817659560{padding-top: 0px !important;padding-bottom: 59px !important;}&#8221;][ct_heading text=&#8221;Active dans le domaine de la ventilation industrielle <cite>depuis 1985<\/cite>&#8221; font_weight=&#8221;&#8221; subtitle=&#8221;\u00c9tude &amp; Conception&#8221; description_font_weight=&#8221;inherit&#8221; margin_bottom=&#8221;0&#8243;][\/vc_column_inner][vc_column_inner width=&#8221;1\/2&#8243; ct_column_inner_class=&#8221;rm-padding-lg&#8221; css=&#8221;.vc_custom_1557817663792{padding-top: 0px !important;padding-bottom: 59px !important;padding-left: 100px !important;}&#8221;][vc_column_text css=&#8221;.vc_custom_1733735931115{margin-bottom: 0px !important;}&#8221; text_style=&#8221;text-block1&#8243;]Nous transformons vos id\u00e9es en solutions concr\u00e8tes. Contactez nous aujourd\u2019hui pour discuter de votre projet et d\u00e9couvrir comment notre expertise en \u00e9tude et conception peut vous b\u00e9n\u00e9ficier.[\/vc_column_text][\/vc_column_inner][\/vc_row_inner][\/vc_column][\/vc_row][vc_row][vc_column width=&#8221;1\/2&#8243;][vc_toggle title=&#8221;Approche personnalis\u00e9e&#8221; style=&#8221;square&#8221; color=&#8221;blue&#8221; open=&#8221;true&#8221; css_animation=&#8221;fadeInDownBig&#8221; css=&#8221;&#8221;]Chez ClimaGaine, nous croyons en l\u2019importance d\u2019une approche personnalis\u00e9e pour chaque projet. Notre processus d\u2019\u00e9tude et de conception d\u00e9bute par une \u00e9coute attentive de vos besoins et une analyse rigoureuse de votre projet. Nous nous effor\u00e7ons ensuite de fournir la meilleure proposition en ad\u00e9quation avec un cahier de charges pr\u00e9cis.[\/vc_toggle][vc_toggle title=&#8221;Recherche &amp; D\u00e9veloppement&#8221; style=&#8221;square&#8221; color=&#8221;green&#8221; open=&#8221;true&#8221; css_animation=&#8221;fadeInDownBig&#8221; css=&#8221;&#8221;]<\/p>\n<div class=\"et_pb_column et_pb_column_1_2 et_pb_column_1 et_pb_css_mix_blend_mode_passthrough\">\n<div class=\"et_pb_module et_pb_text et_pb_text_5 et_pb_text_align_left et_pb_bg_layout_light\">\n<div class=\"et_pb_text_inner\">\n<p>Notre engagement envers la recherche et le d\u00e9veloppement nous permet d\u2019offrir des solutions innovantes et parfaitement adapt\u00e9es aux besoins sp\u00e9cifiques de nos clients. Notre objectif est de d\u00e9passer vos attentes en mati\u00e8re de performance et d\u2019efficacit\u00e9, tout en respectant les normes industrielles les plus strictes.<\/p>\n<\/div>\n<\/div>\n<\/div>\n<p>[\/vc_toggle][\/vc_column][vc_column width=&#8221;1\/2&#8243;][vc_single_image image=&#8221;2187&#8243; img_size=&#8221;750&#215;580&#8243; alignment=&#8221;center&#8221; onclick=&#8221;zoom&#8221; css_animation=&#8221;fadeInLeftBig&#8221; css=&#8221;&#8221; style=&#8221;shadow-style2&#8243;][\/vc_column][\/vc_row][vc_row][vc_column][vc_separator color=&#8221;blue&#8221; style=&#8221;shadow&#8221; border_width=&#8221;3&#8243; css=&#8221;&#8221;][\/vc_column][\/vc_row][vc_row][vc_column][vc_images_carousel images=&#8221;2153,2154,2155,2156,2157,2158,2159,2160,2161&#8243; img_size=&#8221;1200*900&#8243; slides_per_view=&#8221;5&#8243; autoplay=&#8221;yes&#8221; hide_pagination_control=&#8221;yes&#8221; hide_prev_next_buttons=&#8221;yes&#8221; wrap=&#8221;yes&#8221; css_animation=&#8221;bounceInRight&#8221; css=&#8221;&#8221;][\/vc_column][\/vc_row]<\/p>\n<\/div>","protected":false},"excerpt":{"rendered":"<p>[vc_row el_id=&#8221;services&#8221;][vc_column css=&#8221;.vc_custom_1560254936797{padding-top: 110px !important;padding-bottom: 85px !important;}&#8221;][vc_row_inner content_placement=&#8221;middle&#8221; css=&#8221;.vc_custom_1558426183631{padding-bottom: 10px !important;}&#8221;][vc_column_inner width=&#8221;1\/2&#8243; css=&#8221;.vc_custom_1557817659560{padding-top: 0px !important;padding-bottom: 59px !important;}&#8221;][ct_heading text=&#8221;Active dans le domaine de la ventilation industrielle depuis 1985&#8221; font_weight=&#8221;&#8221; subtitle=&#8221;\u00c9tude &amp; Conception&#8221; description_font_weight=&#8221;inherit&#8221; margin_bottom=&#8221;0&#8243;][\/vc_column_inner][vc_column_inner width=&#8221;1\/2&#8243; ct_column_inner_class=&#8221;rm-padding-lg&#8221; css=&#8221;.vc_custom_1557817663792{padding-top: 0px !important;padding-bottom: 59px !important;padding-left: 100px !important;}&#8221;][vc_column_text css=&#8221;.vc_custom_1733735931115{margin-bottom: 0px !important;}&#8221; text_style=&#8221;text-block1&#8243;]Nous transformons vos id\u00e9es en solutions concr\u00e8tes. Contactez nous aujourd\u2019hui&#8230;<\/p>\n","protected":false},"author":1,"featured_media":0,"parent":0,"menu_order":0,"comment_status":"closed","ping_status":"closed","template":"","meta":{"footnotes":""},"class_list":["post-1339","page","type-page","status-publish","hentry"],"jetpack_sharing_enabled":true,"_links":{"self":[{"href":"https:\/\/www.climagaine.tn\/index.php\/wp-json\/wp\/v2\/pages\/1339","targetHints":{"allow":["GET"]}}],"collection":[{"href":"https:\/\/www.climagaine.tn\/index.php\/wp-json\/wp\/v2\/pages"}],"about":[{"href":"https:\/\/www.climagaine.tn\/index.php\/wp-json\/wp\/v2\/types\/page"}],"author":[{"embeddable":true,"href":"https:\/\/www.climagaine.tn\/index.php\/wp-json\/wp\/v2\/users\/1"}],"replies":[{"embeddable":true,"href":"https:\/\/www.climagaine.tn\/index.php\/wp-json\/wp\/v2\/comments?post=1339"}],"version-history":[{"count":6,"href":"https:\/\/www.climagaine.tn\/index.php\/wp-json\/wp\/v2\/pages\/1339\/revisions"}],"predecessor-version":[{"id":2192,"href":"https:\/\/www.climagaine.tn\/index.php\/wp-json\/wp\/v2\/pages\/1339\/revisions\/2192"}],"wp:attachment":[{"href":"https:\/\/www.climagaine.tn\/index.php\/wp-json\/wp\/v2\/media?parent=1339"}],"curies":[{"name":"wp","href":"https:\/\/api.w.org\/{rel}","templated":true}]}}