{"id":1789,"date":"2019-06-11T15:15:46","date_gmt":"2019-06-11T15:15:46","guid":{"rendered":"http:\/\/demo.casethemes.net\/multio-seo\/?page_id=1789"},"modified":"2025-02-02T18:30:21","modified_gmt":"2025-02-02T17:30:21","slug":"atelier","status":"publish","type":"page","link":"https:\/\/www.climagaine.tn\/index.php\/atelier\/","title":{"rendered":"Atelier"},"content":{"rendered":"<div class=\"wpb-content-wrapper\"><p>[vc_row full_width=&#8221;stretch_row&#8221; css=&#8221;.vc_custom_1560675520931{padding-top: 111px !important;padding-bottom: 107px !important;}&#8221; el_id=&#8221;about&#8221;][vc_column width=&#8221;1\/2&#8243; css=&#8221;.vc_custom_1556273668036{padding-top: 0px !important;}&#8221;][ct_heading text=&#8221;Fort d\u2019une exp\u00e9rience 40 ans nous sommes reconnus<\/p>\n<p><cite> pour nos capacit\u00e9s, notre r\u00e9activit\u00e9 et notre qualit\u00e9 de production.<\/cite>&#8221; font_size_sm=&#8221;24&#8243; font_size_xs=&#8221;24&#8243; font_weight=&#8221;&#8221; subtitle=&#8221;TOUJOURS \u00c0 VOTRE SERVICE&#8221; description_font_weight=&#8221;inherit&#8221; margin_bottom=&#8221;0&#8243;][vc_column_text css=&#8221;.vc_custom_1738517414494{margin-top: 25px !important;margin-bottom: 40px !important;}&#8221; el_class=&#8221;text-block&#8221;]<\/p>\n<p class=\"font_8 wixui-rich-text__text\">Notre parc machine le plus important se localise au sahel \u00e0 Monastir, il s&#8217;\u00e9tend sur 7100 m\u00b2.<br class=\"wixui-rich-text__text\" \/>Ce niveau d&#8217;\u00e9quipement nous permet de vous garantir un niveau de r\u00e9activit\u00e9 sans \u00e9gal au centre de la Tunisie.<\/p>\n<p class=\"font_8 wixui-rich-text__text\"><span class=\"wixui-rich-text__text\">En plus de nos productions de gaines et accessoires, nous sommes \u00e0 m\u00eame de vous proposer une prestation compl\u00e8te incluant :<br class=\"wixui-rich-text__text\" \/>\u2022 Acoustique<br class=\"wixui-rich-text__text\" \/>\u2022 Supportage<br class=\"wixui-rich-text__text\" \/><\/span><\/p>\n<p>[\/vc_column_text][vc_raw_html css=&#8221;.vc_custom_1733140493288{margin-bottom: 31px !important;}&#8221;]JTNDZGl2JTIwY2xhc3MlM0QlMjJjYWxsLXVzJTIyJTNFJTBBJTA5Q29udGFjdGV6JTIwbm91cyUyMCUzQ2ElMjBocmVmJTNEJTIyJTIzJTIyJTNFcG91ciUyMHBsdXMlMjBkZSUyMGQlQzMlQTl0YWlscyUzQyUyRmElM0UlMjAlM0NzcGFuJTIwY2xhc3MlM0QlMjJjYWxsLW51bWJlciUyMiUzRSUyOCUyQjIxNiUyOSUyMDczJTIwNDIyJTIwMDA1JTIwJTNDc3BhbiUzRW91JTIwbGUlM0MlMkZzcGFuJTNFJTIwMjYlMjA0NTUlMjA5MjYlM0MlMkZzcGFuJTNFJTBBJTNDJTJGZGl2JTNF[\/vc_raw_html][\/vc_column][vc_column width=&#8221;1\/2&#8243; ct_column_class=&#8221;rm-padding-lg&#8221; css=&#8221;.vc_custom_1556273894464{padding-top: 65px !important;padding-right: 30px !important;padding-left: 50px !important;}&#8221;][vc_row_inner][vc_column_inner ct_column_inner_class=&#8221;rm-padding-md&#8221; css=&#8221;.vc_custom_1556273819248{padding-top: 0px !important;}&#8221; animation_column=&#8221;fadeInRight&#8221;][ct_video_player video_link=&#8221;url:https%3A%2F%2Fwww.youtube.com%2Fwatch%3Fv%3D51QnbtYgViA&#8221; video_intro=&#8221;2180&#8243; btn_styles=&#8221;style2&#8243; intro_size=&#8221;690&#215;570&#8243;][\/vc_column_inner][\/vc_row_inner][vc_column_text css=&#8221;&#8221;]<\/p>\n<h2>Conception et fabrication<\/h2>\n<p class=\"font_8 wixui-rich-text__text\"><span class=\"wixui-rich-text__text\">Nos ateliers disposent d&#8217;une chaine de fabrication compl\u00e8te permettant la conception et la r\u00e9alisation de :<br class=\"wixui-rich-text__text\" \/>\u2022 gaines spiral\u00e9es,<br class=\"wixui-rich-text__text\" \/>\u2022 gaines rectangulaires,\u00a0<br class=\"wixui-rich-text__text\" \/>\u2022 gaines chaudronn\u00e9es,<br class=\"wixui-rich-text__text\" \/>\u2022 tous les accessoires : coudes, r\u00e9ductions, registres, caissons acoustiques &#8230;<\/span><\/p>\n<p class=\"font_8 wixui-rich-text__text\"><span class=\"wixui-rich-text__text\">Nos \u00e9quipes sont disponibles pour \u00e9tudier avec vous la meilleure fa\u00e7on de r\u00e9aliser vos ouvrages.<\/span><\/p>\n<p>[\/vc_column_text][\/vc_column][\/vc_row]<\/p>\n<\/div>","protected":false},"excerpt":{"rendered":"<p>[vc_row full_width=&#8221;stretch_row&#8221; css=&#8221;.vc_custom_1560675520931{padding-top: 111px !important;padding-bottom: 107px !important;}&#8221; el_id=&#8221;about&#8221;][vc_column width=&#8221;1\/2&#8243; css=&#8221;.vc_custom_1556273668036{padding-top: 0px !important;}&#8221;][ct_heading text=&#8221;Fort d\u2019une exp\u00e9rience 40 ans nous sommes reconnus pour nos capacit\u00e9s, notre r\u00e9activit\u00e9 et notre qualit\u00e9 de production.&#8221; font_size_sm=&#8221;24&#8243; font_size_xs=&#8221;24&#8243; font_weight=&#8221;&#8221; subtitle=&#8221;TOUJOURS \u00c0 VOTRE SERVICE&#8221; description_font_weight=&#8221;inherit&#8221; margin_bottom=&#8221;0&#8243;][vc_column_text css=&#8221;.vc_custom_1738517414494{margin-top: 25px !important;margin-bottom: 40px !important;}&#8221; el_class=&#8221;text-block&#8221;] Notre parc machine le plus important se localise au sahel&#8230;<\/p>\n","protected":false},"author":1,"featured_media":0,"parent":0,"menu_order":0,"comment_status":"closed","ping_status":"closed","template":"","meta":{"footnotes":""},"class_list":["post-1789","page","type-page","status-publish","hentry"],"jetpack_sharing_enabled":true,"_links":{"self":[{"href":"https:\/\/www.climagaine.tn\/index.php\/wp-json\/wp\/v2\/pages\/1789","targetHints":{"allow":["GET"]}}],"collection":[{"href":"https:\/\/www.climagaine.tn\/index.php\/wp-json\/wp\/v2\/pages"}],"about":[{"href":"https:\/\/www.climagaine.tn\/index.php\/wp-json\/wp\/v2\/types\/page"}],"author":[{"embeddable":true,"href":"https:\/\/www.climagaine.tn\/index.php\/wp-json\/wp\/v2\/users\/1"}],"replies":[{"embeddable":true,"href":"https:\/\/www.climagaine.tn\/index.php\/wp-json\/wp\/v2\/comments?post=1789"}],"version-history":[{"count":8,"href":"https:\/\/www.climagaine.tn\/index.php\/wp-json\/wp\/v2\/pages\/1789\/revisions"}],"predecessor-version":[{"id":2449,"href":"https:\/\/www.climagaine.tn\/index.php\/wp-json\/wp\/v2\/pages\/1789\/revisions\/2449"}],"wp:attachment":[{"href":"https:\/\/www.climagaine.tn\/index.php\/wp-json\/wp\/v2\/media?parent=1789"}],"curies":[{"name":"wp","href":"https:\/\/api.w.org\/{rel}","templated":true}]}}