{"id":2452,"date":"2025-02-04T12:55:03","date_gmt":"2025-02-04T11:55:03","guid":{"rendered":"http:\/\/www.climagaine.tn\/?post_type=product&#038;p=2452"},"modified":"2025-02-04T15:38:30","modified_gmt":"2025-02-04T14:38:30","slug":"plenum","status":"publish","type":"product","link":"https:\/\/www.climagaine.tn\/index.php\/product\/plenum\/","title":{"rendered":"Plenum"},"content":{"rendered":"<p>Plenum \u00e0 fentes non apparente, marque CLIMA GAINE, Calorifug\u00e9 avec matla Armaflex adh\u00e9sif \u00e0 l&#8217;int\u00e9rieur, pour installation sur faux plafonds continus en pl\u00e2tre ou \u00e0 panneaux suspendus. Il se caract\u00e9rise par l\u2019absence de profil\u00e9s apparents. Fabrication possible avec diff\u00e9rentes largeurs de fente en fonction du d\u00e9bit de soufflage ou de reprise par m\u00e8tre lin\u00e9aire. Possibilit\u00e9 de fabrication d\u2019un pl\u00e9num sur mesure en fonction de la hauteur disponible \u00e0 l\u2019int\u00e9rieur du faux plafond.<\/p>\n<p><strong>Mat\u00e9riaux:<\/strong><\/p>\n<p>Plenum fabriqu\u00e9 en acier galvanis\u00e9 ,aluminium ou en Inox.<\/p>\n","protected":false},"excerpt":{"rendered":"<p>Plenum du diffuseur lin\u00e9aire<\/p>\n","protected":false},"featured_media":2453,"comment_status":"closed","ping_status":"closed","template":"","meta":[],"product_brand":[],"product_cat":[39],"product_tag":[63],"class_list":{"0":"post-2452","1":"product","2":"type-product","3":"status-publish","4":"has-post-thumbnail","6":"product_cat-plenums","7":"product_tag-plenum","9":"first","10":"instock","11":"shipping-taxable","12":"product-type-simple"},"jetpack_sharing_enabled":true,"_links":{"self":[{"href":"https:\/\/www.climagaine.tn\/index.php\/wp-json\/wp\/v2\/product\/2452","targetHints":{"allow":["GET"]}}],"collection":[{"href":"https:\/\/www.climagaine.tn\/index.php\/wp-json\/wp\/v2\/product"}],"about":[{"href":"https:\/\/www.climagaine.tn\/index.php\/wp-json\/wp\/v2\/types\/product"}],"replies":[{"embeddable":true,"href":"https:\/\/www.climagaine.tn\/index.php\/wp-json\/wp\/v2\/comments?post=2452"}],"wp:featuredmedia":[{"embeddable":true,"href":"https:\/\/www.climagaine.tn\/index.php\/wp-json\/wp\/v2\/media\/2453"}],"wp:attachment":[{"href":"https:\/\/www.climagaine.tn\/index.php\/wp-json\/wp\/v2\/media?parent=2452"}],"wp:term":[{"taxonomy":"product_brand","embeddable":true,"href":"https:\/\/www.climagaine.tn\/index.php\/wp-json\/wp\/v2\/product_brand?post=2452"},{"taxonomy":"product_cat","embeddable":true,"href":"https:\/\/www.climagaine.tn\/index.php\/wp-json\/wp\/v2\/product_cat?post=2452"},{"taxonomy":"product_tag","embeddable":true,"href":"https:\/\/www.climagaine.tn\/index.php\/wp-json\/wp\/v2\/product_tag?post=2452"}],"curies":[{"name":"wp","href":"https:\/\/api.w.org\/{rel}","templated":true}]}}