{"id":2455,"date":"2025-02-04T13:03:43","date_gmt":"2025-02-04T12:03:43","guid":{"rendered":"http:\/\/www.climagaine.tn\/?post_type=product&#038;p=2455"},"modified":"2025-02-04T13:07:53","modified_gmt":"2025-02-04T12:07:53","slug":"flex-air-conduit-flexible-souple-en-aluminium","status":"publish","type":"product","link":"https:\/\/www.climagaine.tn\/index.php\/product\/flex-air-conduit-flexible-souple-en-aluminium\/","title":{"rendered":"FLEX ISOLATED AIR \u2013 CONDUIT FLEXIBLE SOUPLE EN ALUMINIUM POUR  ISOLATION THERMIQUE"},"content":{"rendered":"<p>Conduit int\u00e9rieur type FLEX AIR M0. Isolation thermique par laine de verre \u00e9paisseur 25mm recouverte d\u2019un pare-vapeur aluminis\u00e9 M1.<br \/>\n<strong>Application<\/strong> : Chauffage par air puls\u00e9, climatisation et reprise d\u2019air chaud, Principalement utilis\u00e9 en raccordement de bouches et diffuseurs.<br \/>\n<strong>Points Forts : <\/strong><br \/>\n\u2713 Tr\u00e8s bonne r\u00e9sistance \u00e0 la traction gr\u00e2ce a une colle \u00e0 base aqueuse<br \/>\nsp\u00e9cialement d\u00e9velopp\u00e9e pour cette application<br \/>\n\u2713 Surface int\u00e9rieure lisse et plane apr\u00e8s traction :<br \/>\n&#8211; Perte de charge minimale<br \/>\n&#8211; Diminution de l\u2019accumulation des r\u00e9sidus dans les conduites<br \/>\n\u2713 Epaisseur des feuilles d\u2019aluminium relativement importantes :<br \/>\n&#8211; Meilleure r\u00e9sistance \u00e0 la perforation.<br \/>\n&#8211; Am\u00e9lioration de la dur\u00e9e de vie des conduites<\/p>\n","protected":false},"excerpt":{"rendered":"<p>FLEX ISOLATED AIR \u2013 CONDUIT FLEXIBLE SOUPLE EN ALUMINIUM POUR<br \/>\nISOLATION THERMIQUE<\/p>\n","protected":false},"featured_media":2456,"comment_status":"closed","ping_status":"closed","template":"","meta":[],"product_brand":[],"product_cat":[33],"product_tag":[41],"class_list":{"0":"post-2455","1":"product","2":"type-product","3":"status-publish","4":"has-post-thumbnail","6":"product_cat-gaines-accessoires","7":"product_tag-flexible","9":"first","10":"instock","11":"shipping-taxable","12":"product-type-simple"},"jetpack_sharing_enabled":true,"_links":{"self":[{"href":"https:\/\/www.climagaine.tn\/index.php\/wp-json\/wp\/v2\/product\/2455","targetHints":{"allow":["GET"]}}],"collection":[{"href":"https:\/\/www.climagaine.tn\/index.php\/wp-json\/wp\/v2\/product"}],"about":[{"href":"https:\/\/www.climagaine.tn\/index.php\/wp-json\/wp\/v2\/types\/product"}],"replies":[{"embeddable":true,"href":"https:\/\/www.climagaine.tn\/index.php\/wp-json\/wp\/v2\/comments?post=2455"}],"wp:featuredmedia":[{"embeddable":true,"href":"https:\/\/www.climagaine.tn\/index.php\/wp-json\/wp\/v2\/media\/2456"}],"wp:attachment":[{"href":"https:\/\/www.climagaine.tn\/index.php\/wp-json\/wp\/v2\/media?parent=2455"}],"wp:term":[{"taxonomy":"product_brand","embeddable":true,"href":"https:\/\/www.climagaine.tn\/index.php\/wp-json\/wp\/v2\/product_brand?post=2455"},{"taxonomy":"product_cat","embeddable":true,"href":"https:\/\/www.climagaine.tn\/index.php\/wp-json\/wp\/v2\/product_cat?post=2455"},{"taxonomy":"product_tag","embeddable":true,"href":"https:\/\/www.climagaine.tn\/index.php\/wp-json\/wp\/v2\/product_tag?post=2455"}],"curies":[{"name":"wp","href":"https:\/\/api.w.org\/{rel}","templated":true}]}}