{"id":2460,"date":"2025-02-04T13:15:23","date_gmt":"2025-02-04T12:15:23","guid":{"rendered":"http:\/\/www.climagaine.tn\/?post_type=product&#038;p=2460"},"modified":"2025-02-04T13:15:23","modified_gmt":"2025-02-04T12:15:23","slug":"flex-air-conduit-flexible-souple-en-aluminium-2","status":"publish","type":"product","link":"https:\/\/www.climagaine.tn\/index.php\/product\/flex-air-conduit-flexible-souple-en-aluminium-2\/","title":{"rendered":"FLEX AIR \u2013 CONDUIT FLEXIBLE SOUPLE EN ALUMINIUM"},"content":{"rendered":"<p>Conduit flexible souple en minces feuilles d\u2019aluminium , renforc\u00e9 d\u2019un film polyester et support\u00e9 par un fil h\u00e9lico\u00efdal d\u2019acier<br \/>\n<strong>Application :<\/strong><br \/>\nFlexible destin\u00e9 aux installations de VMC, de climatisation en basse et moyenne<br \/>\npressions, de chauffage par air puls\u00e9<br \/>\n<strong>Points Forts : <\/strong><br \/>\n\u2713 Tr\u00e8s bonne r\u00e9sistance \u00e0 la traction gr\u00e2ce une colle \u00e0 base aqueuse sp\u00e9cialement<br \/>\nd\u00e9velopp\u00e9e pour cette application<br \/>\n\u2713 Meilleure r\u00e9sistance \u00e0 la perforation<br \/>\n\u2713 Am\u00e9lioration de la dur\u00e9e de vie des conduites<br \/>\n\u2713 Surface int\u00e9rieure lisse et plane apr\u00e8s traction :<\/p>\n<p>&#8211; Perte de charge minimale.<br \/>\n&#8211; Diminution de l\u2019accumulation des r\u00e9sidus dans les conduite.<br \/>\n&#8211; Epaisseur des feuilles d\u2019aluminium relativement importantes.<\/p>\n","protected":false},"excerpt":{"rendered":"<p>FLEX AIR \u2013 CONDUIT FLEXIBLE SOUPLE EN ALUMINIUM<\/p>\n","protected":false},"featured_media":2461,"comment_status":"closed","ping_status":"closed","template":"","meta":[],"product_brand":[],"product_cat":[33],"product_tag":[41],"class_list":{"0":"post-2460","1":"product","2":"type-product","3":"status-publish","4":"has-post-thumbnail","6":"product_cat-gaines-accessoires","7":"product_tag-flexible","9":"first","10":"instock","11":"shipping-taxable","12":"product-type-simple"},"jetpack_sharing_enabled":true,"_links":{"self":[{"href":"https:\/\/www.climagaine.tn\/index.php\/wp-json\/wp\/v2\/product\/2460","targetHints":{"allow":["GET"]}}],"collection":[{"href":"https:\/\/www.climagaine.tn\/index.php\/wp-json\/wp\/v2\/product"}],"about":[{"href":"https:\/\/www.climagaine.tn\/index.php\/wp-json\/wp\/v2\/types\/product"}],"replies":[{"embeddable":true,"href":"https:\/\/www.climagaine.tn\/index.php\/wp-json\/wp\/v2\/comments?post=2460"}],"wp:featuredmedia":[{"embeddable":true,"href":"https:\/\/www.climagaine.tn\/index.php\/wp-json\/wp\/v2\/media\/2461"}],"wp:attachment":[{"href":"https:\/\/www.climagaine.tn\/index.php\/wp-json\/wp\/v2\/media?parent=2460"}],"wp:term":[{"taxonomy":"product_brand","embeddable":true,"href":"https:\/\/www.climagaine.tn\/index.php\/wp-json\/wp\/v2\/product_brand?post=2460"},{"taxonomy":"product_cat","embeddable":true,"href":"https:\/\/www.climagaine.tn\/index.php\/wp-json\/wp\/v2\/product_cat?post=2460"},{"taxonomy":"product_tag","embeddable":true,"href":"https:\/\/www.climagaine.tn\/index.php\/wp-json\/wp\/v2\/product_tag?post=2460"}],"curies":[{"name":"wp","href":"https:\/\/api.w.org\/{rel}","templated":true}]}}