{"id":442,"date":"2024-08-02T01:18:28","date_gmt":"2024-08-01T23:18:28","guid":{"rendered":"http:\/\/localhost\/unfinityplus\/product\/import-placeholder-for-48\/"},"modified":"2025-02-04T15:35:35","modified_gmt":"2025-02-04T14:35:35","slug":"coude-galva-30-100","status":"publish","type":"product","link":"https:\/\/www.climagaine.tn\/index.php\/product\/coude-galva-30-100\/","title":{"rendered":"Coude galva 30\u00b0 100"},"content":{"rendered":"<p><strong>Coude galva standard de 1000 mm de diam\u00e8tre par ClimaGaine, <\/strong>ce coude est utilis\u00e9 pour le raccordement d\u2019un r\u00e9seau a\u00e9raulique en cr\u00e9ant une d\u00e9viation \u00e0 30\u00b0.<\/p>\n<ul>\n<li>Diam\u00e8tre : 100 mm<\/li>\n<li>Acier galvanis\u00e9 standard<\/li>\n<\/ul>\n","protected":false},"excerpt":{"rendered":"<h1 class=\"product_title entry-title wd-entities-title\">Coude galva 30\u00b0 100<\/h1>\n","protected":false},"featured_media":2316,"comment_status":"closed","ping_status":"closed","template":"","meta":[],"product_brand":[],"product_cat":[33],"product_tag":[62],"class_list":{"0":"post-442","1":"product","2":"type-product","3":"status-publish","4":"has-post-thumbnail","6":"product_cat-gaines-accessoires","7":"product_tag-coude-supportage","9":"first","10":"instock","11":"shipping-taxable","12":"product-type-simple"},"jetpack_sharing_enabled":true,"_links":{"self":[{"href":"https:\/\/www.climagaine.tn\/index.php\/wp-json\/wp\/v2\/product\/442","targetHints":{"allow":["GET"]}}],"collection":[{"href":"https:\/\/www.climagaine.tn\/index.php\/wp-json\/wp\/v2\/product"}],"about":[{"href":"https:\/\/www.climagaine.tn\/index.php\/wp-json\/wp\/v2\/types\/product"}],"replies":[{"embeddable":true,"href":"https:\/\/www.climagaine.tn\/index.php\/wp-json\/wp\/v2\/comments?post=442"}],"wp:featuredmedia":[{"embeddable":true,"href":"https:\/\/www.climagaine.tn\/index.php\/wp-json\/wp\/v2\/media\/2316"}],"wp:attachment":[{"href":"https:\/\/www.climagaine.tn\/index.php\/wp-json\/wp\/v2\/media?parent=442"}],"wp:term":[{"taxonomy":"product_brand","embeddable":true,"href":"https:\/\/www.climagaine.tn\/index.php\/wp-json\/wp\/v2\/product_brand?post=442"},{"taxonomy":"product_cat","embeddable":true,"href":"https:\/\/www.climagaine.tn\/index.php\/wp-json\/wp\/v2\/product_cat?post=442"},{"taxonomy":"product_tag","embeddable":true,"href":"https:\/\/www.climagaine.tn\/index.php\/wp-json\/wp\/v2\/product_tag?post=442"}],"curies":[{"name":"wp","href":"https:\/\/api.w.org\/{rel}","templated":true}]}}