{"id":443,"date":"2018-08-02T01:18:29","date_gmt":"2018-08-02T01:18:29","guid":{"rendered":"http:\/\/localhost\/unfinityplus\/product\/import-placeholder-for-60\/"},"modified":"2025-02-04T12:48:23","modified_gmt":"2025-02-04T11:48:23","slug":"gaine-rectangulaire","status":"publish","type":"product","link":"https:\/\/www.climagaine.tn\/index.php\/product\/gaine-rectangulaire\/","title":{"rendered":"Gaine rectangulaire"},"content":{"rendered":"<h2>Caract\u00e9ristiques techniques gaine rectangulaire sur mesure<\/h2>\n<p>La\u00a0<strong>gaine rectangulaire<\/strong>\u00a0est fabriqu\u00e9e\u00a0<strong>sur mesure<\/strong>\u00a0selon vos dimensions sp\u00e9cifiques. Pour sa r\u00e9alisation, elle peut \u00eatre con\u00e7ue en\u00a0<strong>acier galvanis\u00e9<\/strong>, en\u00a0<strong>acier noir<\/strong>, en\u00a0<strong>acier inoxydable<\/strong>\u00a0ou\u00a0<strong>aluminium<\/strong>. Il est important de nous fournir avec pr\u00e9cision les diff\u00e9rentes mesures n\u00e9cessaires \u00e0 sa fabrication.<\/p>\n<p>Mati\u00e8res :<\/p>\n<ul>\n<li>Acier Galva Z 275<\/li>\n<li>Acier Inox 304L, 316L<\/li>\n<li>Aluminium Anodis\u00e9<\/li>\n<li>Acier Noir S235, JRG2<\/li>\n<\/ul>\n<p>Les gaines rectangulaires fabriqu\u00e9es en t\u00f4le galvanis\u00e9e et inox, et sont r\u00e9sistantes aux acides, Elles sont disponibles dans des dimensions allant de 100 x 100 mm \u00e0 2000 x 2000 mm avec des tailles sup\u00e9rieures disponibles sur commande. Les gaines rectangulaires sont \u00e9quip\u00e9es de cadres en t\u00f4le sur leurs extr\u00e9mit\u00e9s et sont renforc\u00e9es par une ondulation transversale de la t\u00f4le.<\/p>\n<p style=\"text-align: left;\">Selon les dimensions, elles sont \u00e9galement renforc\u00e9es par des raidisseurs galvanis\u00e9s. Afin d\u2019homog\u00e9n\u00e9iser la production, le transport et l\u2019assistance au montage, Les gaines standard sont fabriqu\u00e9es en tron\u00e7ons de longueurs suivantes :<\/p>\n<p style=\"text-align: center;\"><strong>L = 500 mm, L = 750 mm, L = 1000 mm, L = 1250 mm et L = 1500 mm<\/strong><\/p>\n<p>&nbsp;<\/p>\n<p>La fabrication des gaines et pi\u00e8ces moul\u00e9es rectangulaires repose sur l&#8217;assemblage de t\u00f4les superpos\u00e9es, r\u00e9alis\u00e9es par<br \/>\nsoudage ou rivetage des \u00e9l\u00e9ments. Ces gaines et pi\u00e8ces sont con\u00e7ues pour des pressions faibles et moyennes.<br \/>\nLes \u00e9carts et les \u00e9paisseurs des t\u00f4les sont d\u00e9termin\u00e9s en fonction des \u00e9l\u00e9ments suivants : -C\u00f4t\u00e9 sup\u00e9rieure de conduit droit-C\u00f4t\u00e9 sup\u00e9rieure de la section de raccordement de pi\u00e8ce moul\u00e9e<br \/>\nLe tableau suivant pr\u00e9sente les \u00e9carts admissibles et les \u00e9paisseurs minimales des t\u00f4les pour des c\u00f4tes donn\u00e9es:<\/p>\n<p>&nbsp;<\/p>\n<table>\n<tbody>\n<tr>\n<td style=\"text-align: left;\"><strong>Cot\u00e9 sup\u00e9rieur [mm]<\/strong><\/td>\n<td style=\"text-align: left;\"><strong>Epaisseur de t\u00f4le [mm]<\/strong><\/td>\n<\/tr>\n<tr>\n<td>Inf\u00e9rieur 350<\/td>\n<td>0,6<\/td>\n<\/tr>\n<tr>\n<td>360-700<\/td>\n<td>0,8<\/td>\n<\/tr>\n<tr>\n<td style=\"text-align: left;\">Sup\u00e9rieur 700<\/td>\n<td style=\"text-align: left;\">1<\/td>\n<\/tr>\n<\/tbody>\n<\/table>\n","protected":false},"excerpt":{"rendered":"<h1 class=\"product_title entry-title wd-entities-title\">Gaine rectangulaire<\/h1>\n","protected":false},"featured_media":2331,"comment_status":"closed","ping_status":"closed","template":"","meta":[],"product_brand":[],"product_cat":[33],"product_tag":[56],"class_list":{"0":"post-443","1":"product","2":"type-product","3":"status-publish","4":"has-post-thumbnail","6":"product_cat-gaines-accessoires","7":"product_tag-gaines","9":"first","10":"instock","11":"featured","12":"shipping-taxable","13":"product-type-simple"},"jetpack_sharing_enabled":true,"_links":{"self":[{"href":"https:\/\/www.climagaine.tn\/index.php\/wp-json\/wp\/v2\/product\/443","targetHints":{"allow":["GET"]}}],"collection":[{"href":"https:\/\/www.climagaine.tn\/index.php\/wp-json\/wp\/v2\/product"}],"about":[{"href":"https:\/\/www.climagaine.tn\/index.php\/wp-json\/wp\/v2\/types\/product"}],"replies":[{"embeddable":true,"href":"https:\/\/www.climagaine.tn\/index.php\/wp-json\/wp\/v2\/comments?post=443"}],"wp:featuredmedia":[{"embeddable":true,"href":"https:\/\/www.climagaine.tn\/index.php\/wp-json\/wp\/v2\/media\/2331"}],"wp:attachment":[{"href":"https:\/\/www.climagaine.tn\/index.php\/wp-json\/wp\/v2\/media?parent=443"}],"wp:term":[{"taxonomy":"product_brand","embeddable":true,"href":"https:\/\/www.climagaine.tn\/index.php\/wp-json\/wp\/v2\/product_brand?post=443"},{"taxonomy":"product_cat","embeddable":true,"href":"https:\/\/www.climagaine.tn\/index.php\/wp-json\/wp\/v2\/product_cat?post=443"},{"taxonomy":"product_tag","embeddable":true,"href":"https:\/\/www.climagaine.tn\/index.php\/wp-json\/wp\/v2\/product_tag?post=443"}],"curies":[{"name":"wp","href":"https:\/\/api.w.org\/{rel}","templated":true}]}}