{"id":444,"date":"2018-08-02T01:18:29","date_gmt":"2018-08-02T01:18:29","guid":{"rendered":"http:\/\/localhost\/unfinityplus\/product\/import-placeholder-for-62\/"},"modified":"2024-12-10T13:12:08","modified_gmt":"2024-12-10T12:12:08","slug":"culottes-simple-galva-90-100","status":"publish","type":"product","link":"https:\/\/www.climagaine.tn\/index.php\/product\/culottes-simple-galva-90-100\/","title":{"rendered":"Culottes simple galva 90\u00b0 100"},"content":{"rendered":"<p><strong>Culottes simple galva 90\u00b0<\/strong>\u00a0de diam\u00e8tre 100 mm de marque EIDF, est en acier galvanis\u00e9 standard. Facile \u00e0 monter, par simple emboitement, elle est utilis\u00e9e pour raccorder deux branches de r\u00e9seaux a\u00e9rauliques \u00e0 90\u00b0<\/p>\n<ul>\n<li>\u00f8 100 mm<\/li>\n<li>90\u00b0<\/li>\n<li>Galva standard<\/li>\n<\/ul>\n","protected":false},"excerpt":{"rendered":"<h1 class=\"product_title entry-title wd-entities-title\">Culottes simple galva 90\u00b0 100<\/h1>\n","protected":false},"featured_media":2329,"comment_status":"closed","ping_status":"closed","template":"","meta":[],"product_brand":[],"product_cat":[33],"product_tag":[54,55,53],"class_list":{"0":"post-444","1":"product","2":"type-product","3":"status-publish","4":"has-post-thumbnail","6":"product_cat-gaines-accessoires","7":"product_tag-croix","8":"product_tag-culottes","9":"product_tag-galva","11":"first","12":"instock","13":"featured","14":"shipping-taxable","15":"product-type-simple"},"jetpack_sharing_enabled":true,"_links":{"self":[{"href":"https:\/\/www.climagaine.tn\/index.php\/wp-json\/wp\/v2\/product\/444","targetHints":{"allow":["GET"]}}],"collection":[{"href":"https:\/\/www.climagaine.tn\/index.php\/wp-json\/wp\/v2\/product"}],"about":[{"href":"https:\/\/www.climagaine.tn\/index.php\/wp-json\/wp\/v2\/types\/product"}],"replies":[{"embeddable":true,"href":"https:\/\/www.climagaine.tn\/index.php\/wp-json\/wp\/v2\/comments?post=444"}],"wp:featuredmedia":[{"embeddable":true,"href":"https:\/\/www.climagaine.tn\/index.php\/wp-json\/wp\/v2\/media\/2329"}],"wp:attachment":[{"href":"https:\/\/www.climagaine.tn\/index.php\/wp-json\/wp\/v2\/media?parent=444"}],"wp:term":[{"taxonomy":"product_brand","embeddable":true,"href":"https:\/\/www.climagaine.tn\/index.php\/wp-json\/wp\/v2\/product_brand?post=444"},{"taxonomy":"product_cat","embeddable":true,"href":"https:\/\/www.climagaine.tn\/index.php\/wp-json\/wp\/v2\/product_cat?post=444"},{"taxonomy":"product_tag","embeddable":true,"href":"https:\/\/www.climagaine.tn\/index.php\/wp-json\/wp\/v2\/product_tag?post=444"}],"curies":[{"name":"wp","href":"https:\/\/api.w.org\/{rel}","templated":true}]}}