{"id":447,"date":"2024-08-02T01:18:30","date_gmt":"2024-08-01T23:18:30","guid":{"rendered":"http:\/\/localhost\/unfinityplus\/product\/import-placeholder-for-73\/"},"modified":"2024-12-10T13:28:11","modified_gmt":"2024-12-10T12:28:11","slug":"reduction-plate-concentrique-galva-100-80","status":"publish","type":"product","link":"https:\/\/www.climagaine.tn\/index.php\/product\/reduction-plate-concentrique-galva-100-80\/","title":{"rendered":"R\u00e9duction plate concentrique galva 100 80"},"content":{"rendered":"<p><strong>R\u00e9duction plate concentrique galva 100\/80,\u00a0<\/strong>permet le raccordement de deux conduits de diam\u00e8tres diff\u00e9rents. En acier galvanis\u00e9 standard, elle est utilis\u00e9e pour les r\u00e9seaux a\u00e9rauliques (VMC collective, VMC tertiaire\u2026).<\/p>\n<ul>\n<li>Diam\u00e8tre ext\u00e9rieur : 100 mm<\/li>\n<li>Diam\u00e8tre int\u00e9rieur\u00a0 : 80 mm<\/li>\n<li>Acier galvanis\u00e9 standard<\/li>\n<li>Permet de cr\u00e9er une liaison dans un\u00a0<strong>r\u00e9seau a\u00e9raulique<\/strong>, entre deux conduits de diam\u00e8tres diff\u00e9rents<\/li>\n<\/ul>\n","protected":false},"excerpt":{"rendered":"<h1 class=\"product_title entry-title wd-entities-title\">R\u00e9duction plate concentrique galva 100 80<\/h1>\n","protected":false},"featured_media":2332,"comment_status":"open","ping_status":"closed","template":"","meta":[],"product_brand":[],"product_cat":[34],"product_tag":[58,57],"class_list":{"0":"post-447","1":"product","2":"type-product","3":"status-publish","4":"has-post-thumbnail","6":"product_cat-reduction","7":"product_tag-concentrique","8":"product_tag-reduction","10":"first","11":"instock","12":"downloadable","13":"virtual","14":"product-type-simple"},"jetpack_sharing_enabled":true,"_links":{"self":[{"href":"https:\/\/www.climagaine.tn\/index.php\/wp-json\/wp\/v2\/product\/447","targetHints":{"allow":["GET"]}}],"collection":[{"href":"https:\/\/www.climagaine.tn\/index.php\/wp-json\/wp\/v2\/product"}],"about":[{"href":"https:\/\/www.climagaine.tn\/index.php\/wp-json\/wp\/v2\/types\/product"}],"replies":[{"embeddable":true,"href":"https:\/\/www.climagaine.tn\/index.php\/wp-json\/wp\/v2\/comments?post=447"}],"wp:featuredmedia":[{"embeddable":true,"href":"https:\/\/www.climagaine.tn\/index.php\/wp-json\/wp\/v2\/media\/2332"}],"wp:attachment":[{"href":"https:\/\/www.climagaine.tn\/index.php\/wp-json\/wp\/v2\/media?parent=447"}],"wp:term":[{"taxonomy":"product_brand","embeddable":true,"href":"https:\/\/www.climagaine.tn\/index.php\/wp-json\/wp\/v2\/product_brand?post=447"},{"taxonomy":"product_cat","embeddable":true,"href":"https:\/\/www.climagaine.tn\/index.php\/wp-json\/wp\/v2\/product_cat?post=447"},{"taxonomy":"product_tag","embeddable":true,"href":"https:\/\/www.climagaine.tn\/index.php\/wp-json\/wp\/v2\/product_tag?post=447"}],"curies":[{"name":"wp","href":"https:\/\/api.w.org\/{rel}","templated":true}]}}